{"id":57,"date":"2023-08-11T18:29:52","date_gmt":"2023-08-11T18:29:52","guid":{"rendered":"https:\/\/barquetstege.com\/?page_id=57"},"modified":"2026-01-27T23:53:17","modified_gmt":"2026-01-28T06:53:17","slug":"disclaimer-and-cookies","status":"publish","type":"page","link":"https:\/\/barquetstege.com\/es\/disclaimer-and-cookies\/","title":{"rendered":"Descargo de responsabilidad y cookies"},"content":{"rendered":"<h1>\n\t\t\tDESCARGO DE RESPONSABILIDAD Y COOKIES\n\t\t<\/h1>\n\t\t<h2>\n\t\t\tPOL\u00cdTICA DE DESCARGO DE RESPONSABILIDAD\n\t\t<\/h2>\n\t\t\t<p><strong>La elecci\u00f3n de un abogado es una decisi\u00f3n importante y no debe basarse \u00fanicamente en anuncios.<\/strong>Este sitio web est\u00e1 dise\u00f1ado para proporcionar informaci\u00f3n general sobre servicios legales e informaci\u00f3n sobre nuestra firma de abogados. La informaci\u00f3n contenida en este sitio no debe interpretarse como asesoramiento legal formal. Adem\u00e1s, la informaci\u00f3n contenida en este sitio y\/o cualquier comunicaci\u00f3n realizada a un abogado a trav\u00e9s de este sitio no crear\u00e1 una relaci\u00f3n abogado-cliente. Los resultados pasados no ofrecen garant\u00eda de resultados futuros. Cada caso es diferente y debe juzgarse por sus propios m\u00e9ritos. El contenido de este sitio web contiene informaci\u00f3n general y puede no reflejar los desarrollos legales, veredictos o acuerdos actuales. Renunciamos expresamente a toda responsabilidad con respecto a las acciones tomadas o no basadas en cualquiera o todos los contenidos de este sitio web. Cualquier informaci\u00f3n que se nos env\u00ede por Internet, correo electr\u00f3nico o a trav\u00e9s del sitio web no es segura y se realiza de forma no confidencial. La transmisi\u00f3n de informaci\u00f3n desde este sitio web no crea una relaci\u00f3n de abogado-cliente entre usted y nosotros, ni tiene la intenci\u00f3n de hacerlo. La transmisi\u00f3n del sitio web, en parte o en su totalidad, y\/o cualquier comunicaci\u00f3n con nosotros a trav\u00e9s de correo electr\u00f3nico de Internet a trav\u00e9s de este sitio no constituye ni crea una relaci\u00f3n de abogado-cliente entre nosotros y los destinatarios. No nos env\u00ede ninguna informaci\u00f3n confidencial hasta que se haya establecido una relaci\u00f3n abogado-cliente. Algunos enlaces dentro del sitio web pueden conducir a otros sitios web, incluidos aquellos operados y mantenidos por terceros. La firma incluye estos enlaces \u00fanicamente para su conveniencia, y la presencia de dicho enlace no implica una responsabilidad por el sitio vinculado ni un respaldo del sitio vinculado, su operador o sus contenidos. Este sitio web y sus contenidos se proporcionan &quot;TAL CUAL&quot; sin garant\u00eda de ning\u00fan tipo, ya sea expresa o impl\u00edcita, incluidas, entre otras, las garant\u00edas impl\u00edcitas de comerciabilidad, idoneidad para un prop\u00f3sito particular o no infracci\u00f3n. Adem\u00e1s, no deseamos representar a nadie que desee representaci\u00f3n. basado en la visualizaci\u00f3n de este sitio web en un estado donde este sitio web no cumple con todas las leyes y reglas \u00e9ticas de ese estado. La reproducci\u00f3n, distribuci\u00f3n, republicaci\u00f3n y\/o retransmisi\u00f3n del material contenido en este sitio web est\u00e1 prohibida a menos que se haya obtenido permiso previo por escrito de a nosotros.<\/p>\t\t\n\t\t<h2>\n\t\t\tPOL\u00cdTICA DE COOKIES\n\t\t<\/h2>\n\t\t<h3>\n\t\t\tComprender c\u00f3mo y por qu\u00e9 utilizamos cookies\n\t\t<\/h3>\n\t\t\t<p>Utilizamos cookies y tecnolog\u00edas similares en nuestros sitios web (sitios\u201d) para brindarle un excelente servicio al cliente y crear los Sitios m\u00e1s efectivos posibles para nuestros clientes y otros visitantes de los sitios. Entre otras cosas, las cookies que utilizamos son esenciales para el funcionamiento de nuestros sitios y necesarias para la funcionalidad de la experiencia de su cliente o visitante mientras visita nuestros sitios. Cuando elige dar su consentimiento aceptando el uso de cookies a trav\u00e9s de nuestra herramienta de notificaci\u00f3n de cookies y\/o accediendo a un enlace en un aviso legal, bolet\u00edn informativo u otros correos electr\u00f3nicos nuestros, tambi\u00e9n usaremos ciertas cookies no esenciales para mejorar su experiencia cuando utilizar nuestros Sitios y garantizar que los Sitios cumplan o superen sus expectativas y las nuestras, incluido lo siguiente:<\/p>\n\t<ul>\n<li>ay\u00fadenos a recordar y reconocer sus preferencias;<\/li>\n<li>proporcionar funcionalidad cr\u00edtica del sitio web;<\/li>\n<li>ayudarnos a ver si nuestros Sitios funcionan correctamente;<\/li>\n<li>controlar la frecuencia con la que ver\u00e1 nuestros anuncios en l\u00ednea;<\/li>\n<li>mostrarle mensajes y ofertas relevantes; y<\/li>\n<li>Haga que su experiencia en l\u00ednea sea mejor y m\u00e1s consistente.<\/li>\n<\/ul>\n\t<p>Si le preocupa nuestro uso de cookies, la mayor\u00eda de los navegadores web permiten cierto control de la mayor\u00eda de las cookies a trav\u00e9s de la configuraci\u00f3n del navegador. Para obtener m\u00e1s informaci\u00f3n sobre las cookies y c\u00f3mo desactivarlas, visite <a href=\"http:\/\/www.aboutcookies.org\" target=\"_blank\" rel=\"noopener\">www.aboutcookies.org<\/a> o <a href=\"http:\/\/www.allaboutcookies.org\" target=\"_blank\" rel=\"noopener\">www.allaboutcookies.org<\/a>. Recuerde que tambi\u00e9n utilizamos cookies para habilitar y mejorar ciertas funciones de nuestro sitio web. Si elige desactivar o desactivar ciertas cookies esenciales, es probable que afecte el funcionamiento de nuestro sitio web en su computadora, tel\u00e9fono inteligente o dispositivo. Nuestro sitio web ofrece la oportunidad de cambiar sus preferencias de cookies en cualquier momento haciendo clic en el icono de cookie persistente en cada p\u00e1gina.<\/p>\n\t\t<h3>\n\t\t\tC\u00f3mo administrar sus cookies\n\t\t<\/h3>\n\t\t\t<p>Los navegadores de la mayor\u00eda de las computadoras, tel\u00e9fonos inteligentes y otros dispositivos habilitados para la web generalmente est\u00e1n configurados para aceptar cookies. Si desea modificar sus preferencias de cookies para nuestros Sitios, cualquier sitio local o cualquier otro sitio web, puede hacerlo a trav\u00e9s de la configuraci\u00f3n de su navegador. La funci\u00f3n de \u201cayuda\u201d de su navegador le indicar\u00e1 c\u00f3mo hacerlo. Sin embargo, recuerde que las cookies se utilizan a menudo para habilitar y mejorar ciertas funciones en nuestros Sitios. Si elige desactivar ciertas cookies, es probable que afecte el funcionamiento de nuestros Sitios.<\/p>","protected":false},"excerpt":{"rendered":"<p>DESCARGO DE RESPONSABILIDAD Y POL\u00cdTICA DE DESCARGO DE COOKIES La elecci\u00f3n de un abogado es una decisi\u00f3n importante y no debe basarse \u00fanicamente en publicidad. Este sitio web est\u00e1 dise\u00f1ado para proporcionar informaci\u00f3n general sobre servicios legales e informaci\u00f3n sobre nuestra firma de abogados. La informaci\u00f3n contenida en este sitio no debe interpretarse como asesoramiento legal formal. Adem\u00e1s,\u2026<\/p>","protected":false},"author":1,"featured_media":0,"parent":0,"menu_order":0,"comment_status":"closed","ping_status":"closed","template":"","meta":{"_coblocks_attr":"","_coblocks_dimensions":"","_coblocks_responsive_height":"","_coblocks_accordion_ie_support":"","footnotes":""},"class_list":["post-57","page","type-page","status-publish","hentry"],"yoast_head":"<!-- This site is optimized with the Yoast SEO plugin v27.2 - https:\/\/yoast.com\/product\/yoast-seo-wordpress\/ -->\n<title>Legal Disclaimer | Disclaimer and Cookies<\/title>\n<meta name=\"description\" content=\"Learn about Legal Disclaimer at Barquet Stege Immigration Law. Understand our policies and how they affect you.\" \/>\n<meta name=\"robots\" content=\"index, follow, max-snippet:-1, max-image-preview:large, max-video-preview:-1\" \/>\n<link rel=\"canonical\" href=\"https:\/\/barquetstege.com\/es\/disclaimer-and-cookies\/\" \/>\n<meta property=\"og:locale\" content=\"es_ES\" \/>\n<meta property=\"og:type\" content=\"article\" \/>\n<meta property=\"og:title\" content=\"Legal Disclaimer | Disclaimer and Cookies\" \/>\n<meta property=\"og:description\" content=\"Learn about Legal Disclaimer at Barquet Stege Immigration Law. Understand our policies and how they affect you.\" \/>\n<meta property=\"og:url\" content=\"https:\/\/barquetstege.com\/es\/disclaimer-and-cookies\/\" \/>\n<meta property=\"og:site_name\" content=\"Barquet Stege Immigration Law\" \/>\n<meta property=\"article:modified_time\" content=\"2026-01-28T06:53:17+00:00\" \/>\n<meta property=\"og:image\" content=\"https:\/\/barquetstege.com\/wp-content\/uploads\/2023\/08\/stock1-scaled.jpg\" \/>\n\t<meta property=\"og:image:width\" content=\"1620\" \/>\n\t<meta property=\"og:image:height\" content=\"1080\" \/>\n\t<meta property=\"og:image:type\" content=\"image\/jpeg\" \/>\n<meta name=\"twitter:card\" content=\"summary_large_image\" \/>\n<meta name=\"twitter:label1\" content=\"Tiempo de lectura\" \/>\n\t<meta name=\"twitter:data1\" content=\"1 minuto\" \/>\n<script type=\"application\/ld+json\" class=\"yoast-schema-graph\">{\"@context\":\"https:\/\/schema.org\",\"@graph\":[{\"@type\":\"WebPage\",\"@id\":\"https:\/\/barquetstege.com\/disclaimer-and-cookies\/\",\"url\":\"https:\/\/barquetstege.com\/disclaimer-and-cookies\/\",\"name\":\"Legal Disclaimer | Disclaimer and Cookies\",\"isPartOf\":{\"@id\":\"https:\/\/g8l.40a.myftpupload.com\/#website\"},\"datePublished\":\"2023-08-11T18:29:52+00:00\",\"dateModified\":\"2026-01-28T06:53:17+00:00\",\"description\":\"Learn about Legal Disclaimer at Barquet Stege Immigration Law. Understand our policies and how they affect you.\",\"breadcrumb\":{\"@id\":\"https:\/\/barquetstege.com\/disclaimer-and-cookies\/#breadcrumb\"},\"inLanguage\":\"es\",\"potentialAction\":[{\"@type\":\"ReadAction\",\"target\":[\"https:\/\/barquetstege.com\/disclaimer-and-cookies\/\"]}]},{\"@type\":\"BreadcrumbList\",\"@id\":\"https:\/\/barquetstege.com\/disclaimer-and-cookies\/#breadcrumb\",\"itemListElement\":[{\"@type\":\"ListItem\",\"position\":1,\"name\":\"Home\",\"item\":\"https:\/\/barquetstege.com\/\"},{\"@type\":\"ListItem\",\"position\":2,\"name\":\"Disclaimer and Cookies\"}]},{\"@type\":\"WebSite\",\"@id\":\"https:\/\/g8l.40a.myftpupload.com\/#website\",\"url\":\"https:\/\/g8l.40a.myftpupload.com\/\",\"name\":\"Barquet Stege Immigration Law\",\"description\":\"Unlocking Opportunities to New Horizons\",\"publisher\":{\"@id\":\"https:\/\/g8l.40a.myftpupload.com\/#organization\"},\"alternateName\":\"Barquet Stege Immigration Law\",\"potentialAction\":[{\"@type\":\"SearchAction\",\"target\":{\"@type\":\"EntryPoint\",\"urlTemplate\":\"https:\/\/g8l.40a.myftpupload.com\/?s={search_term_string}\"},\"query-input\":{\"@type\":\"PropertyValueSpecification\",\"valueRequired\":true,\"valueName\":\"search_term_string\"}}],\"inLanguage\":\"es\"},{\"@type\":\"Organization\",\"@id\":\"https:\/\/g8l.40a.myftpupload.com\/#organization\",\"name\":\"Barquet Stege Immigration Law\",\"alternateName\":\"Barquet Stege Immigration Law\",\"url\":\"https:\/\/g8l.40a.myftpupload.com\/\",\"logo\":{\"@type\":\"ImageObject\",\"inLanguage\":\"es\",\"@id\":\"https:\/\/g8l.40a.myftpupload.com\/#\/schema\/logo\/image\/\",\"url\":\"https:\/\/barquetstege.com\/wp-content\/uploads\/2023\/08\/Barquet-logo_wh_lg.jpg\",\"contentUrl\":\"https:\/\/barquetstege.com\/wp-content\/uploads\/2023\/08\/Barquet-logo_wh_lg.jpg\",\"width\":2560,\"height\":658,\"caption\":\"Barquet Stege Immigration Law\"},\"image\":{\"@id\":\"https:\/\/g8l.40a.myftpupload.com\/#\/schema\/logo\/image\/\"}}]}<\/script>\n<!-- \/ Yoast SEO plugin. -->","yoast_head_json":{"title":"Legal Disclaimer | Disclaimer and Cookies","description":"Learn about Legal Disclaimer at Barquet Stege Immigration Law. Understand our policies and how they affect you.","robots":{"index":"index","follow":"follow","max-snippet":"max-snippet:-1","max-image-preview":"max-image-preview:large","max-video-preview":"max-video-preview:-1"},"canonical":"https:\/\/barquetstege.com\/es\/disclaimer-and-cookies\/","og_locale":"es_ES","og_type":"article","og_title":"Legal Disclaimer | Disclaimer and Cookies","og_description":"Learn about Legal Disclaimer at Barquet Stege Immigration Law. Understand our policies and how they affect you.","og_url":"https:\/\/barquetstege.com\/es\/disclaimer-and-cookies\/","og_site_name":"Barquet Stege Immigration Law","article_modified_time":"2026-01-28T06:53:17+00:00","og_image":[{"width":1620,"height":1080,"url":"https:\/\/barquetstege.com\/wp-content\/uploads\/2023\/08\/stock1-scaled.jpg","type":"image\/jpeg"}],"twitter_card":"summary_large_image","twitter_misc":{"Tiempo de lectura":"1 minuto"},"schema":{"@context":"https:\/\/schema.org","@graph":[{"@type":"WebPage","@id":"https:\/\/barquetstege.com\/disclaimer-and-cookies\/","url":"https:\/\/barquetstege.com\/disclaimer-and-cookies\/","name":"Legal Disclaimer | Disclaimer and Cookies","isPartOf":{"@id":"https:\/\/g8l.40a.myftpupload.com\/#website"},"datePublished":"2023-08-11T18:29:52+00:00","dateModified":"2026-01-28T06:53:17+00:00","description":"Learn about Legal Disclaimer at Barquet Stege Immigration Law. Understand our policies and how they affect you.","breadcrumb":{"@id":"https:\/\/barquetstege.com\/disclaimer-and-cookies\/#breadcrumb"},"inLanguage":"es","potentialAction":[{"@type":"ReadAction","target":["https:\/\/barquetstege.com\/disclaimer-and-cookies\/"]}]},{"@type":"BreadcrumbList","@id":"https:\/\/barquetstege.com\/disclaimer-and-cookies\/#breadcrumb","itemListElement":[{"@type":"ListItem","position":1,"name":"Home","item":"https:\/\/barquetstege.com\/"},{"@type":"ListItem","position":2,"name":"Disclaimer and Cookies"}]},{"@type":"WebSite","@id":"https:\/\/g8l.40a.myftpupload.com\/#website","url":"https:\/\/g8l.40a.myftpupload.com\/","name":"Ley de inmigraci\u00f3n de Barquet Stege","description":"Liberando oportunidades hacia nuevos horizontes","publisher":{"@id":"https:\/\/g8l.40a.myftpupload.com\/#organization"},"alternateName":"Barquet Stege Immigration Law","potentialAction":[{"@type":"SearchAction","target":{"@type":"EntryPoint","urlTemplate":"https:\/\/g8l.40a.myftpupload.com\/?s={search_term_string}"},"query-input":{"@type":"PropertyValueSpecification","valueRequired":true,"valueName":"search_term_string"}}],"inLanguage":"es"},{"@type":"Organization","@id":"https:\/\/g8l.40a.myftpupload.com\/#organization","name":"Ley de inmigraci\u00f3n de Barquet Stege","alternateName":"Barquet Stege Immigration Law","url":"https:\/\/g8l.40a.myftpupload.com\/","logo":{"@type":"ImageObject","inLanguage":"es","@id":"https:\/\/g8l.40a.myftpupload.com\/#\/schema\/logo\/image\/","url":"https:\/\/barquetstege.com\/wp-content\/uploads\/2023\/08\/Barquet-logo_wh_lg.jpg","contentUrl":"https:\/\/barquetstege.com\/wp-content\/uploads\/2023\/08\/Barquet-logo_wh_lg.jpg","width":2560,"height":658,"caption":"Barquet Stege Immigration Law"},"image":{"@id":"https:\/\/g8l.40a.myftpupload.com\/#\/schema\/logo\/image\/"}}]}},"_links":{"self":[{"href":"https:\/\/barquetstege.com\/es\/wp-json\/wp\/v2\/pages\/57","targetHints":{"allow":["GET"]}}],"collection":[{"href":"https:\/\/barquetstege.com\/es\/wp-json\/wp\/v2\/pages"}],"about":[{"href":"https:\/\/barquetstege.com\/es\/wp-json\/wp\/v2\/types\/page"}],"author":[{"embeddable":true,"href":"https:\/\/barquetstege.com\/es\/wp-json\/wp\/v2\/users\/1"}],"replies":[{"embeddable":true,"href":"https:\/\/barquetstege.com\/es\/wp-json\/wp\/v2\/comments?post=57"}],"version-history":[{"count":1,"href":"https:\/\/barquetstege.com\/es\/wp-json\/wp\/v2\/pages\/57\/revisions"}],"predecessor-version":[{"id":1344,"href":"https:\/\/barquetstege.com\/es\/wp-json\/wp\/v2\/pages\/57\/revisions\/1344"}],"wp:attachment":[{"href":"https:\/\/barquetstege.com\/es\/wp-json\/wp\/v2\/media?parent=57"}],"curies":[{"name":"wp","href":"https:\/\/api.w.org\/{rel}","templated":true}]}}